{"id":5123,"date":"2022-06-02T09:33:00","date_gmt":"2022-06-02T09:33:00","guid":{"rendered":"https:\/\/panoramic-colibita.ro\/?page_id=5123"},"modified":"2023-05-17T09:00:17","modified_gmt":"2023-05-17T09:00:17","slug":"hidromasaj-uscat","status":"publish","type":"page","link":"https:\/\/panoramic-colibita.ro\/en\/hidromasaj-uscat\/","title":{"rendered":"HIDROMASAJ USCAT"},"content":{"rendered":"<div data-elementor-type=\"wp-page\" data-elementor-id=\"5123\" class=\"elementor elementor-5123\" data-elementor-post-type=\"page\">\n\t\t\t\t\t\t<section class=\"elementor-section elementor-top-section elementor-element elementor-element-dada3c6 elementor-section-full_width elementor-hidden-mobile elementor-section-height-default elementor-section-height-default\" data-id=\"dada3c6\" data-element_type=\"section\" data-e-type=\"section\" data-settings=\"{&quot;background_background&quot;:&quot;classic&quot;}\">\n\t\t\t\t\t\t<div class=\"elementor-container elementor-column-gap-default\">\n\t\t\t\t\t<div class=\"elementor-column elementor-col-100 elementor-top-column elementor-element elementor-element-00c9435\" data-id=\"00c9435\" data-element_type=\"column\" data-e-type=\"column\">\n\t\t\t<div class=\"elementor-widget-wrap elementor-element-populated\">\n\t\t\t\t\t\t<div class=\"elementor-element elementor-element-ed6e371 elementor-hidden-desktop elementor-hidden-tablet elementor-hidden-mobile elementor-widget elementor-widget-text-editor\" data-id=\"ed6e371\" data-element_type=\"widget\" data-e-type=\"widget\" data-widget_type=\"text-editor.default\">\n\t\t\t\t<div class=\"elementor-widget-container\">\n\t\t\t\t\t\t\t\t\t<p>Hidromasaj uscat Wellsystem calmant<\/p>\t\t\t\t\t\t\t\t<\/div>\n\t\t\t\t<\/div>\n\t\t\t\t<section class=\"elementor-section elementor-inner-section elementor-element elementor-element-44b03d3 elementor-section-content-middle elementor-section-height-min-height elementor-section-boxed elementor-section-height-default\" data-id=\"44b03d3\" data-element_type=\"section\" data-e-type=\"section\" data-settings=\"{&quot;background_background&quot;:&quot;classic&quot;}\">\n\t\t\t\t\t\t\t<div class=\"elementor-background-overlay\"><\/div>\n\t\t\t\t\t\t\t<div class=\"elementor-container elementor-column-gap-no\">\n\t\t\t\t\t<div class=\"elementor-column elementor-col-100 elementor-inner-column elementor-element elementor-element-e7e9194 elementor-invisible\" data-id=\"e7e9194\" data-element_type=\"column\" data-e-type=\"column\" data-settings=\"{&quot;animation&quot;:&quot;fadeIn&quot;,&quot;background_background&quot;:&quot;classic&quot;}\">\n\t\t\t<div class=\"elementor-widget-wrap elementor-element-populated\">\n\t\t\t\t\t\t<div class=\"elementor-element elementor-element-251fc70 hotel-tmpl-titles elementor-invisible elementor-widget elementor-widget-heading\" data-id=\"251fc70\" data-element_type=\"widget\" data-e-type=\"widget\" data-settings=\"{&quot;_animation&quot;:&quot;fadeInUp&quot;,&quot;_animation_delay&quot;:100}\" data-widget_type=\"heading.default\">\n\t\t\t\t<div class=\"elementor-widget-container\">\n\t\t\t\t\t<h3 class=\"elementor-heading-title elementor-size-default\"><em>Dry Hydromassage<\/em> <\/h3>\t\t\t\t<\/div>\n\t\t\t\t<\/div>\n\t\t\t\t\t<\/div>\n\t\t<\/div>\n\t\t\t\t\t<\/div>\n\t\t<\/section>\n\t\t\t\t\t<\/div>\n\t\t<\/div>\n\t\t\t\t\t<\/div>\n\t\t<\/section>\n\t\t\t\t<section class=\"elementor-section elementor-top-section elementor-element elementor-element-dd52a56 elementor-hidden-desktop elementor-hidden-tablet elementor-section-full_width elementor-section-height-min-height elementor-section-height-default elementor-section-items-middle\" data-id=\"dd52a56\" data-element_type=\"section\" data-e-type=\"section\" data-settings=\"{&quot;background_background&quot;:&quot;classic&quot;}\">\n\t\t\t\t\t\t\t<div class=\"elementor-background-overlay\"><\/div>\n\t\t\t\t\t\t\t<div class=\"elementor-container elementor-column-gap-default\">\n\t\t\t\t\t<div class=\"elementor-column elementor-col-100 elementor-top-column elementor-element elementor-element-3f61584\" data-id=\"3f61584\" data-element_type=\"column\" data-e-type=\"column\" data-settings=\"{&quot;background_background&quot;:&quot;classic&quot;}\">\n\t\t\t<div class=\"elementor-widget-wrap elementor-element-populated\">\n\t\t\t\t\t<div class=\"elementor-background-overlay\"><\/div>\n\t\t\t\t\t\t<div class=\"elementor-element elementor-element-e2b92c0 elementor-widget elementor-widget-image\" data-id=\"e2b92c0\" data-element_type=\"widget\" data-e-type=\"widget\" data-widget_type=\"image.default\">\n\t\t\t\t<div class=\"elementor-widget-container\">\n\t\t\t\t\t\t\t\t\t\t\t\t\t\t\t<img decoding=\"async\" src=\"https:\/\/panoramic-colibita.ro\/wp-content\/uploads\/2021\/12\/Nunta-Premium-Panoramic-Colibita01059-211002-1.jpg\" title=\"\" alt=\"\" loading=\"lazy\" \/>\t\t\t\t\t\t\t\t\t\t\t\t\t\t\t<\/div>\n\t\t\t\t<\/div>\n\t\t\t\t<div class=\"elementor-element elementor-element-f77c985 hotel-tmpl-titles elementor-invisible elementor-widget elementor-widget-heading\" data-id=\"f77c985\" data-element_type=\"widget\" data-e-type=\"widget\" data-settings=\"{&quot;_animation&quot;:&quot;fadeInUp&quot;,&quot;_animation_delay&quot;:100}\" data-widget_type=\"heading.default\">\n\t\t\t\t<div class=\"elementor-widget-container\">\n\t\t\t\t\t<h2 class=\"elementor-heading-title elementor-size-default\"> <em>Dry Hydromassage<\/em> <\/h2>\t\t\t\t<\/div>\n\t\t\t\t<\/div>\n\t\t\t\t\t<\/div>\n\t\t<\/div>\n\t\t\t\t\t<\/div>\n\t\t<\/section>\n\t\t\t\t<section class=\"elementor-section elementor-top-section elementor-element elementor-element-2e60740 elementor-section-boxed elementor-section-height-default elementor-section-height-default\" data-id=\"2e60740\" data-element_type=\"section\" data-e-type=\"section\">\n\t\t\t\t\t\t<div class=\"elementor-container elementor-column-gap-default\">\n\t\t\t\t\t<div class=\"elementor-column elementor-col-100 elementor-top-column elementor-element elementor-element-4385e12\" data-id=\"4385e12\" data-element_type=\"column\" data-e-type=\"column\">\n\t\t\t<div class=\"elementor-widget-wrap elementor-element-populated\">\n\t\t\t\t\t\t<div class=\"elementor-element elementor-element-d0584c5 elementor-widget elementor-widget-text-editor\" data-id=\"d0584c5\" data-element_type=\"widget\" data-e-type=\"widget\" data-widget_type=\"text-editor.default\">\n\t\t\t\t<div class=\"elementor-widget-container\">\n\t\t\t\t\t\t\t\t\t<h4><span class=\"dia_suggestion w0\" contextmenu=\"true\">PUTEREA<\/span>\u00a0<span class=\"dia_suggestion w1\" contextmenu=\"true\">RELAX\u0102RII<\/span><\/h4><p class=\"Default\">\u00a0<\/p>\t\t\t\t\t\t\t\t<\/div>\n\t\t\t\t<\/div>\n\t\t\t\t<div class=\"elementor-element elementor-element-da0cafb elementor-hidden-desktop elementor-hidden-tablet elementor-hidden-mobile elementor-widget elementor-widget-text-editor\" data-id=\"da0cafb\" data-element_type=\"widget\" data-e-type=\"widget\" data-widget_type=\"text-editor.default\">\n\t\t\t\t<div class=\"elementor-widget-container\">\n\t\t\t\t\t\t\t\t\t<h3>Hidromasaj uscat Wellsystem calmant<\/h3>\t\t\t\t\t\t\t\t<\/div>\n\t\t\t\t<\/div>\n\t\t\t\t<div class=\"elementor-element elementor-element-7d9b8c2 elementor-widget elementor-widget-text-editor\" data-id=\"7d9b8c2\" data-element_type=\"widget\" data-e-type=\"widget\" data-widget_type=\"text-editor.default\">\n\t\t\t\t<div class=\"elementor-widget-container\">\n\t\t\t\t\t\t\t\t\t<p>Hidromasajul uscat Wellsystem este un masaj calmant pentru \u00eentreg corpul sau par\u021bial, realizat prin utilizarea orientat\u0103\u00a0 a c\u0103ldurii \u0219i puterii apei. Jeturile de ap\u0103 cald\u0103 freac\u0103 partea inferioar\u0103 a suprafe\u021bei patului \u00een mi\u0219c\u0103ri uniforme \u0219i maseaz\u0103 corpul din cap p\u00e2n\u0103\u00a0 \u00een\u00a0 picioare. C\u0103ldura lini\u0219titoare \u0219i putere a bl\u00e2nd\u0103 a apei activeaz\u0103 straturile de \u021besuturi mai\u00a0 ad\u00e2nci, asigur\u00e2nd un flux de s\u00e2nge\u00a0 mai bun, stimuleaz\u0103 metabolismul \u0219i provoac\u0103 o relaxare a \u00eentregii musculature.<\/p><p>Acesta este un masaj ob\u021binut prin ap\u0103sarea unui buton \u0219i este disponibil oric\u00e2nd, conferindu-\u021bi o stare de bine \u00eentre orele de lucru \u0219i care \u0219i \u00ee\u0219i atinge rapid \u0219i eficient efectul dorit.<\/p><p>Hidromasajul uscat are loc \u00een timp ce utilizatorul r\u00e2m\u00e2ne complet \u00eembr\u0103cat -nu este necesar\u0103 schimbarea \u0219i nici du\u0219 ulterior.<\/p><p>Wellsystem Relax asigur\u0103 relaxarea complet\u0103 prin ap\u0103sarea unui buton. Chiar \u0219i o \u0219edin\u021b\u0103 de 20 minute poate oferi beneficii revigorante pentru s\u0103n\u0103tate. Nu exist\u0103 nicio tensiune asupra sistemului circulator \u0219i nici transpira\u021bie post-masaj.<\/p><h6>\u00a0<\/h6><h6 class=\"Default\" style=\"text-align: center;\"><span lang=\"EN-GB\" style=\"font-family: Tahoma, 'sans-serif'; color: #000000;\">Sedint\u0103 20 minute\u00a0<\/span><\/h6>\t\t\t\t\t\t\t\t<\/div>\n\t\t\t\t<\/div>\n\t\t\t\t\t<\/div>\n\t\t<\/div>\n\t\t\t\t\t<\/div>\n\t\t<\/section>\n\t\t\t\t<section class=\"elementor-section elementor-top-section elementor-element elementor-element-b827be2 elementor-section-boxed elementor-section-height-default elementor-section-height-default\" data-id=\"b827be2\" data-element_type=\"section\" data-e-type=\"section\">\n\t\t\t\t\t\t<div class=\"elementor-container elementor-column-gap-default\">\n\t\t\t\t\t<div class=\"elementor-column elementor-col-100 elementor-top-column elementor-element elementor-element-db6e8ca\" data-id=\"db6e8ca\" data-element_type=\"column\" data-e-type=\"column\">\n\t\t\t<div class=\"elementor-widget-wrap elementor-element-populated\">\n\t\t\t\t\t\t<div class=\"elementor-element elementor-element-83edc6d elementor-widget elementor-widget-image\" data-id=\"83edc6d\" data-element_type=\"widget\" data-e-type=\"widget\" data-widget_type=\"image.default\">\n\t\t\t\t<div class=\"elementor-widget-container\">\n\t\t\t\t\t\t\t\t\t\t\t\t\t\t\t<img fetchpriority=\"high\" decoding=\"async\" width=\"723\" height=\"1024\" src=\"https:\/\/panoramic-colibita.ro\/wp-content\/uploads\/2022\/06\/wave-723x1024.jpg\" class=\"attachment-large size-large wp-image-5219\" alt=\"\" srcset=\"https:\/\/panoramic-colibita.ro\/wp-content\/uploads\/2022\/06\/wave-723x1024.jpg.webp 723w, https:\/\/panoramic-colibita.ro\/wp-content\/uploads\/2022\/06\/wave-212x300.jpg.webp 212w, https:\/\/panoramic-colibita.ro\/wp-content\/uploads\/2022\/06\/wave-768x1088.jpg.webp 768w, https:\/\/panoramic-colibita.ro\/wp-content\/uploads\/2022\/06\/wave-1085x1536.jpg.webp 1085w, https:\/\/panoramic-colibita.ro\/wp-content\/uploads\/2022\/06\/wave-1446x2048.jpg.webp 1446w, https:\/\/panoramic-colibita.ro\/wp-content\/uploads\/2022\/06\/wave-8x12.jpg.webp 8w, https:\/\/panoramic-colibita.ro\/wp-content\/uploads\/2022\/06\/wave-1568x2221.jpg.webp 1568w, https:\/\/panoramic-colibita.ro\/wp-content\/uploads\/2022\/06\/wave-scaled.jpg.webp 1808w\" sizes=\"(max-width: 723px) 100vw, 723px\" style=\"width:100%;height:141.59%;max-width:1808px\" \/>\t\t\t\t\t\t\t\t\t\t\t\t\t\t\t<\/div>\n\t\t\t\t<\/div>\n\t\t\t\t\t<\/div>\n\t\t<\/div>\n\t\t\t\t\t<\/div>\n\t\t<\/section>\n\t\t\t\t<section class=\"elementor-section elementor-top-section elementor-element elementor-element-ac1d090 elementor-section-boxed elementor-section-height-default elementor-section-height-default\" data-id=\"ac1d090\" data-element_type=\"section\" data-e-type=\"section\">\n\t\t\t\t\t\t<div class=\"elementor-container elementor-column-gap-default\">\n\t\t\t\t\t<div class=\"elementor-column elementor-col-100 elementor-top-column elementor-element elementor-element-d707acc\" data-id=\"d707acc\" data-element_type=\"column\" data-e-type=\"column\">\n\t\t\t<div class=\"elementor-widget-wrap elementor-element-populated\">\n\t\t\t\t\t\t<div class=\"elementor-element elementor-element-6033fa3 elementor-widget elementor-widget-image\" data-id=\"6033fa3\" data-element_type=\"widget\" data-e-type=\"widget\" data-widget_type=\"image.default\">\n\t\t\t\t<div class=\"elementor-widget-container\">\n\t\t\t\t\t\t\t\t\t\t\t\t\t\t\t<img decoding=\"async\" width=\"683\" height=\"1024\" src=\"https:\/\/panoramic-colibita.ro\/wp-content\/uploads\/2022\/06\/TABLOURI-PANORAMIC_IUNIE-2022-3-683x1024.jpg\" class=\"attachment-large size-large wp-image-5223\" alt=\"\" srcset=\"https:\/\/panoramic-colibita.ro\/wp-content\/uploads\/2022\/06\/TABLOURI-PANORAMIC_IUNIE-2022-3-683x1024.jpg.webp 683w, https:\/\/panoramic-colibita.ro\/wp-content\/uploads\/2022\/06\/TABLOURI-PANORAMIC_IUNIE-2022-3-200x300.jpg.webp 200w, https:\/\/panoramic-colibita.ro\/wp-content\/uploads\/2022\/06\/TABLOURI-PANORAMIC_IUNIE-2022-3-768x1152.jpg.webp 768w, https:\/\/panoramic-colibita.ro\/wp-content\/uploads\/2022\/06\/TABLOURI-PANORAMIC_IUNIE-2022-3-1024x1536.jpg.webp 1024w, https:\/\/panoramic-colibita.ro\/wp-content\/uploads\/2022\/06\/TABLOURI-PANORAMIC_IUNIE-2022-3-1366x2048.jpg.webp 1366w, https:\/\/panoramic-colibita.ro\/wp-content\/uploads\/2022\/06\/TABLOURI-PANORAMIC_IUNIE-2022-3-8x12.jpg.webp 8w, https:\/\/panoramic-colibita.ro\/wp-content\/uploads\/2022\/06\/TABLOURI-PANORAMIC_IUNIE-2022-3-1568x2352.jpg.webp 1568w, https:\/\/panoramic-colibita.ro\/wp-content\/uploads\/2022\/06\/TABLOURI-PANORAMIC_IUNIE-2022-3.jpg.webp 1703w\" sizes=\"(max-width: 683px) 100vw, 683px\" style=\"width:100%;height:149.97%;max-width:1703px\" \/>\t\t\t\t\t\t\t\t\t\t\t\t\t\t\t<\/div>\n\t\t\t\t<\/div>\n\t\t\t\t\t<\/div>\n\t\t<\/div>\n\t\t\t\t\t<\/div>\n\t\t<\/section>\n\t\t\t\t<section class=\"elementor-section elementor-top-section elementor-element elementor-element-ee41a3f elementor-section-boxed elementor-section-height-default elementor-section-height-default\" data-id=\"ee41a3f\" data-element_type=\"section\" data-e-type=\"section\">\n\t\t\t\t\t\t<div class=\"elementor-container elementor-column-gap-default\">\n\t\t\t\t\t<div class=\"elementor-column elementor-col-100 elementor-top-column elementor-element elementor-element-4d40938\" data-id=\"4d40938\" data-element_type=\"column\" data-e-type=\"column\">\n\t\t\t<div class=\"elementor-widget-wrap elementor-element-populated\">\n\t\t\t\t\t\t<div class=\"elementor-element elementor-element-ef86642 elementor-widget elementor-widget-image\" data-id=\"ef86642\" data-element_type=\"widget\" data-e-type=\"widget\" data-widget_type=\"image.default\">\n\t\t\t\t<div class=\"elementor-widget-container\">\n\t\t\t\t\t\t\t\t\t\t\t\t\t\t\t<img decoding=\"async\" width=\"683\" height=\"1024\" src=\"https:\/\/panoramic-colibita.ro\/wp-content\/uploads\/2022\/06\/2-683x1024.jpg\" class=\"attachment-large size-large wp-image-5221\" alt=\"\" srcset=\"https:\/\/panoramic-colibita.ro\/wp-content\/uploads\/2022\/06\/2-683x1024.jpg.webp 683w, https:\/\/panoramic-colibita.ro\/wp-content\/uploads\/2022\/06\/2-200x300.jpg.webp 200w, https:\/\/panoramic-colibita.ro\/wp-content\/uploads\/2022\/06\/2-768x1151.jpg.webp 768w, https:\/\/panoramic-colibita.ro\/wp-content\/uploads\/2022\/06\/2-1024x1536.jpg.webp 1024w, https:\/\/panoramic-colibita.ro\/wp-content\/uploads\/2022\/06\/2-1366x2048.jpg.webp 1366w, https:\/\/panoramic-colibita.ro\/wp-content\/uploads\/2022\/06\/2-8x12.jpg.webp 8w, https:\/\/panoramic-colibita.ro\/wp-content\/uploads\/2022\/06\/2-1568x2351.jpg.webp 1568w, https:\/\/panoramic-colibita.ro\/wp-content\/uploads\/2022\/06\/2-scaled.jpg 1707w\" sizes=\"(max-width: 683px) 100vw, 683px\" style=\"width:100%;height:149.97%;max-width:1707px\" \/>\t\t\t\t\t\t\t\t\t\t\t\t\t\t\t<\/div>\n\t\t\t\t<\/div>\n\t\t\t\t\t<\/div>\n\t\t<\/div>\n\t\t\t\t\t<\/div>\n\t\t<\/section>\n\t\t\t\t<\/div>","protected":false},"excerpt":{"rendered":"<p>Hidromasaj uscat Wellsystem calmant Hidromasaj Uscat Hidromasaj Uscat PUTEREA\u00a0RELAX\u0102RII \u00a0 Hidromasaj uscat Wellsystem calmant Hidromasajul uscat Wellsystem este un masaj calmant pentru \u00eentreg corpul sau par\u021bial, realizat prin utilizarea orientat\u0103\u00a0 a c\u0103ldurii \u0219i puterii apei. Jeturile de ap\u0103 cald\u0103 freac\u0103 partea inferioar\u0103 a suprafe\u021bei patului \u00een mi\u0219c\u0103ri uniforme \u0219i maseaz\u0103 corpul din cap p\u00e2n\u0103\u00a0 \u00een\u00a0&hellip; <a class=\"more-link\" href=\"https:\/\/panoramic-colibita.ro\/en\/hidromasaj-uscat\/\">Continue reading <span class=\"screen-reader-text\">HIDROMASAJ USCAT<\/span><\/a><\/p>","protected":false},"author":2,"featured_media":5942,"parent":0,"menu_order":0,"comment_status":"closed","ping_status":"closed","template":"elementor_header_footer","meta":{"footnotes":""},"class_list":["post-5123","page","type-page","status-publish","has-post-thumbnail","hentry","entry"],"yoast_head":"<!-- This site is optimized with the Yoast SEO plugin v20.7 - https:\/\/yoast.com\/wordpress\/plugins\/seo\/ -->\n<title>Hidromasaj uscat Wellsystem - Panoramic Colibita<\/title>\n<meta name=\"description\" content=\"Hidromasajul uscat Wellsystem este un masaj calmant pentru \u00eentreg corpul, realizat prin utilizarea orientat\u0103 a c\u0103ldurii \u0219i puterii apei.\" \/>\n<meta name=\"robots\" content=\"index, follow, max-snippet:-1, max-image-preview:large, max-video-preview:-1\" \/>\n<link rel=\"canonical\" href=\"https:\/\/panoramic-colibita.ro\/en\/hidromasaj-uscat\/\" \/>\n<meta property=\"og:locale\" content=\"en_GB\" \/>\n<meta property=\"og:type\" content=\"article\" \/>\n<meta property=\"og:title\" content=\"Hidromasaj uscat Wellsystem - Panoramic Colibita\" \/>\n<meta property=\"og:description\" content=\"Hidromasajul uscat Wellsystem este un masaj calmant pentru \u00eentreg corpul, realizat prin utilizarea orientat\u0103 a c\u0103ldurii \u0219i puterii apei.\" \/>\n<meta property=\"og:url\" content=\"https:\/\/panoramic-colibita.ro\/en\/hidromasaj-uscat\/\" \/>\n<meta property=\"og:site_name\" content=\"Panoramic Colibita\" \/>\n<meta property=\"article:modified_time\" content=\"2023-05-17T09:00:17+00:00\" \/>\n<meta property=\"og:image\" content=\"https:\/\/panoramic-colibita.ro\/wp-content\/uploads\/2023\/05\/wave-723x1024.jpg-e1684313881515.webp\" \/>\n\t<meta property=\"og:image:width\" content=\"721\" \/>\n\t<meta property=\"og:image:height\" content=\"622\" \/>\n\t<meta property=\"og:image:type\" content=\"image\/webp\" \/>\n<meta name=\"twitter:card\" content=\"summary_large_image\" \/>\n<meta name=\"twitter:label1\" content=\"Estimated reading time\" \/>\n\t<meta name=\"twitter:data1\" content=\"2 minutes\" \/>\n<script type=\"application\/ld+json\" class=\"yoast-schema-graph\">{\"@context\":\"https:\/\/schema.org\",\"@graph\":[{\"@type\":\"WebPage\",\"@id\":\"https:\/\/panoramic-colibita.ro\/hidromasaj-uscat\/\",\"url\":\"https:\/\/panoramic-colibita.ro\/hidromasaj-uscat\/\",\"name\":\"Hidromasaj uscat Wellsystem - Panoramic Colibita\",\"isPartOf\":{\"@id\":\"https:\/\/panoramic-colibita.ro\/#website\"},\"datePublished\":\"2022-06-02T09:33:00+00:00\",\"dateModified\":\"2023-05-17T09:00:17+00:00\",\"description\":\"Hidromasajul uscat Wellsystem este un masaj calmant pentru \u00eentreg corpul, realizat prin utilizarea orientat\u0103 a c\u0103ldurii \u0219i puterii apei.\",\"breadcrumb\":{\"@id\":\"https:\/\/panoramic-colibita.ro\/hidromasaj-uscat\/#breadcrumb\"},\"inLanguage\":\"en-GB\",\"potentialAction\":[{\"@type\":\"ReadAction\",\"target\":[\"https:\/\/panoramic-colibita.ro\/hidromasaj-uscat\/\"]}]},{\"@type\":\"BreadcrumbList\",\"@id\":\"https:\/\/panoramic-colibita.ro\/hidromasaj-uscat\/#breadcrumb\",\"itemListElement\":[{\"@type\":\"ListItem\",\"position\":1,\"name\":\"Home\",\"item\":\"https:\/\/panoramic-colibita.ro\/\"},{\"@type\":\"ListItem\",\"position\":2,\"name\":\"HIDROMASAJ USCAT\"}]},{\"@type\":\"WebSite\",\"@id\":\"https:\/\/panoramic-colibita.ro\/#website\",\"url\":\"https:\/\/panoramic-colibita.ro\/\",\"name\":\"Panoramic Colibita\",\"description\":\"Marea de la munte\",\"publisher\":{\"@id\":\"https:\/\/panoramic-colibita.ro\/#organization\"},\"potentialAction\":[{\"@type\":\"SearchAction\",\"target\":{\"@type\":\"EntryPoint\",\"urlTemplate\":\"https:\/\/panoramic-colibita.ro\/?s={search_term_string}\"},\"query-input\":\"required name=search_term_string\"}],\"inLanguage\":\"en-GB\"},{\"@type\":\"Organization\",\"@id\":\"https:\/\/panoramic-colibita.ro\/#organization\",\"name\":\"Panoramic Colibita\",\"url\":\"https:\/\/panoramic-colibita.ro\/\",\"logo\":{\"@type\":\"ImageObject\",\"inLanguage\":\"en-GB\",\"@id\":\"https:\/\/panoramic-colibita.ro\/#\/schema\/logo\/image\/\",\"url\":\"https:\/\/panoramic-colibita.ro\/wp-content\/uploads\/2021\/09\/panologo.png\",\"contentUrl\":\"https:\/\/panoramic-colibita.ro\/wp-content\/uploads\/2021\/09\/panologo.png\",\"width\":548,\"height\":303,\"caption\":\"Panoramic Colibita\"},\"image\":{\"@id\":\"https:\/\/panoramic-colibita.ro\/#\/schema\/logo\/image\/\"}}]}<\/script>\n<!-- \/ Yoast SEO plugin. -->","yoast_head_json":{"title":"Hidromasaj uscat Wellsystem - Panoramic Colibita","description":"Hidromasajul uscat Wellsystem este un masaj calmant pentru \u00eentreg corpul, realizat prin utilizarea orientat\u0103 a c\u0103ldurii \u0219i puterii apei.","robots":{"index":"index","follow":"follow","max-snippet":"max-snippet:-1","max-image-preview":"max-image-preview:large","max-video-preview":"max-video-preview:-1"},"canonical":"https:\/\/panoramic-colibita.ro\/en\/hidromasaj-uscat\/","og_locale":"en_GB","og_type":"article","og_title":"Hidromasaj uscat Wellsystem - Panoramic Colibita","og_description":"Hidromasajul uscat Wellsystem este un masaj calmant pentru \u00eentreg corpul, realizat prin utilizarea orientat\u0103 a c\u0103ldurii \u0219i puterii apei.","og_url":"https:\/\/panoramic-colibita.ro\/en\/hidromasaj-uscat\/","og_site_name":"Panoramic Colibita","article_modified_time":"2023-05-17T09:00:17+00:00","og_image":[{"width":721,"height":622,"url":"https:\/\/panoramic-colibita.ro\/wp-content\/uploads\/2023\/05\/wave-723x1024.jpg-e1684313881515.webp","type":"image\/webp"}],"twitter_card":"summary_large_image","twitter_misc":{"Estimated reading time":"2 minutes"},"schema":{"@context":"https:\/\/schema.org","@graph":[{"@type":"WebPage","@id":"https:\/\/panoramic-colibita.ro\/hidromasaj-uscat\/","url":"https:\/\/panoramic-colibita.ro\/hidromasaj-uscat\/","name":"Hidromasaj uscat Wellsystem - Panoramic Colibita","isPartOf":{"@id":"https:\/\/panoramic-colibita.ro\/#website"},"datePublished":"2022-06-02T09:33:00+00:00","dateModified":"2023-05-17T09:00:17+00:00","description":"Hidromasajul uscat Wellsystem este un masaj calmant pentru \u00eentreg corpul, realizat prin utilizarea orientat\u0103 a c\u0103ldurii \u0219i puterii apei.","breadcrumb":{"@id":"https:\/\/panoramic-colibita.ro\/hidromasaj-uscat\/#breadcrumb"},"inLanguage":"en-GB","potentialAction":[{"@type":"ReadAction","target":["https:\/\/panoramic-colibita.ro\/hidromasaj-uscat\/"]}]},{"@type":"BreadcrumbList","@id":"https:\/\/panoramic-colibita.ro\/hidromasaj-uscat\/#breadcrumb","itemListElement":[{"@type":"ListItem","position":1,"name":"Home","item":"https:\/\/panoramic-colibita.ro\/"},{"@type":"ListItem","position":2,"name":"HIDROMASAJ USCAT"}]},{"@type":"WebSite","@id":"https:\/\/panoramic-colibita.ro\/#website","url":"https:\/\/panoramic-colibita.ro\/","name":"Panoramic Colibita","description":"Marea de la munte","publisher":{"@id":"https:\/\/panoramic-colibita.ro\/#organization"},"potentialAction":[{"@type":"SearchAction","target":{"@type":"EntryPoint","urlTemplate":"https:\/\/panoramic-colibita.ro\/?s={search_term_string}"},"query-input":"required name=search_term_string"}],"inLanguage":"en-GB"},{"@type":"Organization","@id":"https:\/\/panoramic-colibita.ro\/#organization","name":"Panoramic Colibita","url":"https:\/\/panoramic-colibita.ro\/","logo":{"@type":"ImageObject","inLanguage":"en-GB","@id":"https:\/\/panoramic-colibita.ro\/#\/schema\/logo\/image\/","url":"https:\/\/panoramic-colibita.ro\/wp-content\/uploads\/2021\/09\/panologo.png","contentUrl":"https:\/\/panoramic-colibita.ro\/wp-content\/uploads\/2021\/09\/panologo.png","width":548,"height":303,"caption":"Panoramic Colibita"},"image":{"@id":"https:\/\/panoramic-colibita.ro\/#\/schema\/logo\/image\/"}}]}},"_links":{"self":[{"href":"https:\/\/panoramic-colibita.ro\/en\/wp-json\/wp\/v2\/pages\/5123","targetHints":{"allow":["GET"]}}],"collection":[{"href":"https:\/\/panoramic-colibita.ro\/en\/wp-json\/wp\/v2\/pages"}],"about":[{"href":"https:\/\/panoramic-colibita.ro\/en\/wp-json\/wp\/v2\/types\/page"}],"author":[{"embeddable":true,"href":"https:\/\/panoramic-colibita.ro\/en\/wp-json\/wp\/v2\/users\/2"}],"replies":[{"embeddable":true,"href":"https:\/\/panoramic-colibita.ro\/en\/wp-json\/wp\/v2\/comments?post=5123"}],"version-history":[{"count":89,"href":"https:\/\/panoramic-colibita.ro\/en\/wp-json\/wp\/v2\/pages\/5123\/revisions"}],"predecessor-version":[{"id":5946,"href":"https:\/\/panoramic-colibita.ro\/en\/wp-json\/wp\/v2\/pages\/5123\/revisions\/5946"}],"wp:featuredmedia":[{"embeddable":true,"href":"https:\/\/panoramic-colibita.ro\/en\/wp-json\/wp\/v2\/media\/5942"}],"wp:attachment":[{"href":"https:\/\/panoramic-colibita.ro\/en\/wp-json\/wp\/v2\/media?parent=5123"}],"curies":[{"name":"wp","href":"https:\/\/api.w.org\/{rel}","templated":true}]}}